{"id":2,"date":"2018-05-28T07:28:58","date_gmt":"2018-05-28T07:28:58","guid":{"rendered":"http:\/\/www.skup-sus.cz\/?page_id=2"},"modified":"2019-03-29T09:04:28","modified_gmt":"2019-03-29T08:04:28","slug":"sample-page","status":"publish","type":"page","link":"https:\/\/www.skup-sus.cz\/","title":{"rendered":"\u0161koln\u00ed a univerzitn\u00ed sport"},"content":{"rendered":"<h2 style=\"text-align: center;\"><span style=\"color: #a61c00;\"><strong>Aktuality&nbsp;<\/strong><\/span><\/h2>\n<h3 style=\"text-align: center;\"><strong><a href=\"http:\/\/www.skup-sus.cz\/index.php\/skolni-sport-aktuality\/\">\u0161koln\u00ed sport<\/a> &lt;===&gt;&nbsp;<\/strong><strong><a href=\"http:\/\/www.skup-sus.cz\/index.php\/univerzitni-sport-2\/\">univerzitn\u00ed sport<\/a><\/strong><\/h3>\n<p>&nbsp; &nbsp; &nbsp; &nbsp; &nbsp; D\u011bti, kter\u00e9 se cht\u011bj\u00ed \u00fa\u010dastnit pravideln\u00e9ho sportov\u00e1n\u00ed a p\u0159itom se necht\u011bj\u00ed \u00fa\u010dastnit pravideln\u00e9 sout\u011b\u017en\u00ed \u010dinnosti v n\u011bkter\u00e9m sportovn\u00edm odv\u011btv\u00ed, maj\u00ed mo\u017enost sv\u00e9 sportovn\u00ed vy\u017eit\u00ed realizovat v odd\u00edlu \u0160koln\u00ed a Univerzitn\u00ed sport, kter\u00fd je sou\u010d\u00e1st\u00ed Sportovn\u00edho klubu Univerzity Palack\u00e9ho. Obsahem jejich \u010dinnosti je \u00fa\u010dast na pravideln\u00e9m sportov\u00e1n\u00ed, kter\u00e9 je zam\u011b\u0159eno na rozvoj z\u00e1kladn\u00edch motorick\u00fdch schopnost\u00ed a dovednost\u00ed, kter\u00e9 jsou rozv\u00edjeny p\u0159edev\u0161\u00edm hern\u00ed formou v pr\u016fb\u011bhu akc\u00ed, kter\u00e9 pro d\u011bti p\u0159ipravujeme. D\u011bti, kter\u00e9 pozd\u011bji projev\u00ed z\u00e1jem o sout\u011b\u017en\u00ed \u010dinnost, pak p\u0159irozenou cestou proch\u00e1zej\u00ed p\u0159es v\u00fdkonnostn\u00ed \u00farove\u0148 v \u017e\u00e1kovsk\u00fdch dru\u017estvech b\u011bhem z\u00e1kladn\u00ed \u0161koly do dorosteneck\u00fdch t\u00fdm\u016f v pr\u016fb\u011bhu studia na st\u0159edn\u00edch \u0161kol\u00e1ch. Ti s nejv\u011bt\u0161\u00edm z\u00e1jmem, p\u0159edpoklady a ochotou tvrd\u011b pracovat na tr\u00e9ninku i ve studiu se mohou st\u00e1t \u010dleny vrcholov\u00fdch t\u00fdm\u016f SK UP a z\u00e1rove\u0148 studovat na UP Olomouc.<\/p>\n<p>&nbsp;<\/p>\n<p>&nbsp; &nbsp; &nbsp; &nbsp; &nbsp; Cvi\u010den\u00ed d\u011bt\u00ed&nbsp;vedou studentky a studenti FTK UP, kte\u0159\u00ed vykon\u00e1vaj\u00ed t\u00edmto zp\u016fsobem svou odbornou praxi souvisej\u00edc\u00ed s&nbsp;p\u0159\u00edpravou na jejich budouc\u00ed pedagogickou \u010dinnost. Garantem projektu je FTK UP Olomouc.<\/p>\n<p>&nbsp;<\/p>\n<p>&nbsp; &nbsp; &nbsp; &nbsp; &nbsp; V&nbsp;r\u00e1mci tohoto odd\u00edlu jsou za\u0159azeni tak\u00e9 studenti V\u0160, kte\u0159\u00ed, p\u0159i pravideln\u011b organizovan\u00e9 tr\u00e9ninkov\u00e9 \u010dinnosti, maj\u00ed \u0161anci pro p\u0159\u00edpravu na vrcholov\u00e9 akademick\u00e9 sout\u011b\u017ee, kter\u00fdmi jsou akademick\u00e1 mistrovstv\u00ed v&nbsp;jednotliv\u00fdch sportech nebo pro p\u0159\u00edpravu na sportovn\u00ed reprezentaci UP pro \u010cesk\u00e9 akademick\u00e9 hry. Studenti se zde mohou tak\u00e9 p\u0159ipravovat pro \u00fa\u010dast na sportovn\u00edch akc\u00edch, kter\u00e9 jsou organizov\u00e1ny v&nbsp;r\u00e1mci volno\u010dasov\u00fdch studentsk\u00fdch aktivit pod hlavi\u010dkou UP v&nbsp;Olomouci.<\/p>\n<div style=\"width: 480px;\" class=\"wp-video\"><video class=\"wp-video-shortcode\" id=\"video-2-1\" width=\"480\" height=\"848\" preload=\"metadata\" controls=\"controls\"><source type=\"video\/mp4\" src=\"http:\/\/www.skup-sus.cz\/wp-content\/uploads\/2018\/10\/D\u011bti-Z\u0160-Demlova-na-PUP-P\u0159ebor-UP-v-atletice-2018.mp4?_=1\" \/><a href=\"http:\/\/www.skup-sus.cz\/wp-content\/uploads\/2018\/10\/D\u011bti-Z\u0160-Demlova-na-PUP-P\u0159ebor-UP-v-atletice-2018.mp4\">http:\/\/www.skup-sus.cz\/wp-content\/uploads\/2018\/10\/D\u011bti-Z\u0160-Demlova-na-PUP-P\u0159ebor-UP-v-atletice-2018.mp4<\/a><\/video><\/div>\n<h2>&nbsp;<\/h2>\n<h2 style=\"text-align: center;\"><strong><span style=\"color: #a61c00;\">Historie<\/span><\/strong><\/h2>\n<h3 style=\"text-align: center;\"><strong><span style=\"color: #a61c00;\">SK UP OLOMOUC &#8211; odd\u00edl \u0161koln\u00edho a univerzitn\u00edho sportu<\/span><\/strong><\/h3>\n<p>&nbsp; &nbsp; &nbsp; &nbsp; &nbsp; My\u0161lenka, p\u0159edch\u00e1zej\u00edc\u00ed vzniku odd\u00edlu \u0161koln\u00edho a univerzitn\u00edho sportu navazuje na p\u0159edlouhou tradici sportu p\u0159i UP v&nbsp;Olomouci.<\/p>\n<p>&nbsp;<\/p>\n<p>&nbsp; &nbsp; &nbsp; &nbsp; &nbsp; Na p\u0159elomu tis\u00edcilet\u00ed se transformoval odd\u00edl basketbalu, z&nbsp;kter\u00e9ho se vy\u010dlenila samostatn\u00e1 \u201ep\u0159\u00edpravka\u201c v&nbsp;tzv. projektu Ml\u00e1\u010fata. A odtud u\u017e byl jen krok ke vzniku samostatn\u00e9ho odd\u00edlu rekrea\u010dn\u00edho sportu, kter\u00fd zaji\u0161\u0165oval v\u0161eobecnou p\u0159\u00edpravu nejmen\u0161\u00edch \u0161koln\u00edch d\u011bt\u00ed a z\u00e1rove\u0148 zabezpe\u010doval praxi student\u016fm FTK UP. Ze za\u010d\u00e1tku na \u010dty\u0159ech \u0161kol\u00e1ch, postupn\u011b se projekt z\u00fa\u017eil na dv\u011b \u0161koly v Olomouci \u2013 Z\u0160 Zeyerova a Z\u0160 Demlova a v&nbsp;roce 2016 jsme expandovali i mimo m\u011bsto, do B\u011blkovic. Mimo pravideln\u00e9ho cvi\u010den\u00ed nejmen\u0161\u00edch d\u011bt\u00ed se \u00fa\u010dastn\u00edme pravideln\u00fdch i jednor\u00e1zov\u00fdch sportovn\u00edch akc\u00ed (Olomouck\u00e1 \u0161koln\u00ed basketbalov\u00e1 liga, sout\u011b\u017ee M\u0160MT, \u0160koln\u00ed atletick\u00e1 liga, sout\u011b\u017ee v\u0161estrannosti, atd.) a o pr\u00e1zdnin\u00e1ch po\u0159\u00e1d\u00e1me sportovn\u00ed kempy a t\u00e1bory.<\/p>\n<p>&nbsp;<\/p>\n<p>&nbsp; &nbsp; &nbsp; &nbsp; &nbsp; Z\u00e1rove\u0148 se studenti, kte\u0159\u00ed vykon\u00e1vali praxi v&nbsp;r\u00e1mci projektu Ml\u00e1\u010fata p\u0159ipravovali na Akademick\u00e9 hry a dal\u0161\u00ed sout\u011b\u017ee. Logicky to byli p\u0159edev\u0161\u00edm basketbalist\u00e9 (sp\u00ed\u0161 basketbalistky), na\u0161e dru\u017estva pod veden\u00edm O.\u010co\u010dka, P. Reicha, E.Svobodov\u00e9, n\u00e1sledn\u011b G.Lachnitov\u00e9 a dal\u0161\u00edch vybojovala v&nbsp;letech 2010-2018 n\u011bkolik medail\u00ed z&nbsp;akademick\u00fdch her. Postupn\u011b se p\u0159id\u00e1vali sportovci z&nbsp;jin\u00fdch odv\u011btv\u00ed, a\u0165 u\u017e florbalistky, atleti a dal\u0161\u00ed. To u\u017e byl ke vzniku odd\u00edlu \u0161koln\u00edho a univerzitn\u00edho sportu jen malinkat\u00fd kr\u016f\u010dek\u2026<\/p>\n<p>&nbsp;<\/p>\n<p>&nbsp; &nbsp; &nbsp; &nbsp; &nbsp; Odd\u00edl \u0161koln\u00edho a univerzitn\u00edho sportu ofici\u00e1ln\u011b vznikl v&nbsp;roce 2017 p\u0159ejmenov\u00e1n\u00edm p\u016fvodn\u00edho odd\u00edlu rekrea\u010dn\u00edho sportu. Jsme sou\u010d\u00e1st\u00ed SKUP Olomouc, z.s. a p\u0159irozen\u011b \u010dleny \u010cAUS, \u010cUS, \u010cesk\u00e9ho svazu rekrea\u010dn\u00edho sportu, atd\u2026<\/p>\n","protected":false},"excerpt":{"rendered":"<p>Aktuality&nbsp; \u0161koln\u00ed sport &lt;===&gt;&nbsp;univerzitn\u00ed sport &nbsp; &nbsp; &nbsp; &nbsp; &nbsp; D\u011bti, kter\u00e9 se cht\u011bj\u00ed \u00fa\u010dastnit pravideln\u00e9ho sportov\u00e1n\u00ed a p\u0159itom se necht\u011bj\u00ed \u00fa\u010dastnit pravideln\u00e9 sout\u011b\u017en\u00ed \u010dinnosti v n\u011bkter\u00e9m sportovn\u00edm odv\u011btv\u00ed, maj\u00ed mo\u017enost sv\u00e9 sportovn\u00ed vy\u017eit\u00ed realizovat v odd\u00edlu \u0160koln\u00ed a Univerzitn\u00ed sport, kter\u00fd je sou\u010d\u00e1st\u00ed Sportovn\u00edho klubu Univerzity Palack\u00e9ho. Obsahem jejich \u010dinnosti je \u00fa\u010dast na pravideln\u00e9m [&hellip;]<\/p>\n","protected":false},"author":1,"featured_media":0,"parent":0,"menu_order":0,"comment_status":"closed","ping_status":"open","template":"","meta":{"footnotes":""},"class_list":["post-2","page","type-page","status-publish","hentry"],"_links":{"self":[{"href":"https:\/\/www.skup-sus.cz\/wp-json\/wp\/v2\/pages\/2","targetHints":{"allow":["GET"]}}],"collection":[{"href":"https:\/\/www.skup-sus.cz\/wp-json\/wp\/v2\/pages"}],"about":[{"href":"https:\/\/www.skup-sus.cz\/wp-json\/wp\/v2\/types\/page"}],"author":[{"embeddable":true,"href":"https:\/\/www.skup-sus.cz\/wp-json\/wp\/v2\/users\/1"}],"replies":[{"embeddable":true,"href":"https:\/\/www.skup-sus.cz\/wp-json\/wp\/v2\/comments?post=2"}],"version-history":[{"count":27,"href":"https:\/\/www.skup-sus.cz\/wp-json\/wp\/v2\/pages\/2\/revisions"}],"predecessor-version":[{"id":577,"href":"https:\/\/www.skup-sus.cz\/wp-json\/wp\/v2\/pages\/2\/revisions\/577"}],"wp:attachment":[{"href":"https:\/\/www.skup-sus.cz\/wp-json\/wp\/v2\/media?parent=2"}],"curies":[{"name":"wp","href":"https:\/\/api.w.org\/{rel}","templated":true}]}}